{"id":12,"date":"2021-04-29T15:07:56","date_gmt":"2021-04-29T13:07:56","guid":{"rendered":"https:\/\/it035168.pers.ad.uni-graz.at\/frenkel-brunswik\/?page_id=12"},"modified":"2023-01-22T20:59:29","modified_gmt":"2023-01-22T19:59:29","slug":"kontakt","status":"publish","type":"page","link":"https:\/\/agso.uni-graz.at\/frenkel-brunswik\/kontakt\/","title":{"rendered":"Contact"},"content":{"rendered":"\n<div class=\"wp-block-columns is-layout-flex wp-container-core-columns-is-layout-9d6595d7 wp-block-columns-is-layout-flex\">\n<div class=\"wp-block-column is-layout-flow wp-block-column-is-layout-flow\" style=\"flex-basis:80%\">\n<div style=\"height:50px\" aria-hidden=\"true\" class=\"wp-block-spacer\"><\/div>\n\n\n\n<p class=\"has-white-background-color has-background\"><a href=\"http:\/\/agso.uni-graz.at\/\"><strong>AGS\u00d6, Archive for the History of Sociology in Austria<\/strong><\/a><br><a href=\"office@exilforschung.ac.at\"><strong>\u00f6ge, Austrian Association for Exile Research<\/strong><\/a><br><strong><a href=\"https:\/\/oegs.ac.at\/\">\u00d6sterreichische Gesellschaft f\u00fcr Soziologie <\/a><\/strong><br>&#8211; Sektion Geschichte der Soziologie<br><br>Primary contact: <br><a href=\"mailto:agso@uni-graz.at\">agso@uni-graz.at<\/a><\/p>\n<\/div>\n<\/div>\n\n\n\n<div class=\"wp-block-columns is-layout-flex wp-container-core-columns-is-layout-9d6595d7 wp-block-columns-is-layout-flex\">\n<div class=\"wp-block-column is-layout-flow wp-block-column-is-layout-flow\" style=\"flex-basis:80%\">\n<p><\/p>\n<\/div>\n<\/div>\n","protected":false},"excerpt":{"rendered":"<p>AGS\u00d6, Archive for the History of Sociology in Austria\u00f6ge, Austrian Association for Exile Research\u00d6sterreichische Gesellschaft f\u00fcr Soziologie &#8211; Sektion Geschichte der Soziologie Primary contact: agso@uni-graz.at<\/p>\n","protected":false},"author":1,"featured_media":0,"parent":0,"menu_order":0,"comment_status":"closed","ping_status":"closed","template":"page-templates\/full-width.php","meta":{"footnotes":""},"class_list":["post-12","page","type-page","status-publish","hentry"],"_links":{"self":[{"href":"https:\/\/agso.uni-graz.at\/frenkel-brunswik\/wp-json\/wp\/v2\/pages\/12","targetHints":{"allow":["GET"]}}],"collection":[{"href":"https:\/\/agso.uni-graz.at\/frenkel-brunswik\/wp-json\/wp\/v2\/pages"}],"about":[{"href":"https:\/\/agso.uni-graz.at\/frenkel-brunswik\/wp-json\/wp\/v2\/types\/page"}],"author":[{"embeddable":true,"href":"https:\/\/agso.uni-graz.at\/frenkel-brunswik\/wp-json\/wp\/v2\/users\/1"}],"replies":[{"embeddable":true,"href":"https:\/\/agso.uni-graz.at\/frenkel-brunswik\/wp-json\/wp\/v2\/comments?post=12"}],"version-history":[{"count":20,"href":"https:\/\/agso.uni-graz.at\/frenkel-brunswik\/wp-json\/wp\/v2\/pages\/12\/revisions"}],"predecessor-version":[{"id":522,"href":"https:\/\/agso.uni-graz.at\/frenkel-brunswik\/wp-json\/wp\/v2\/pages\/12\/revisions\/522"}],"wp:attachment":[{"href":"https:\/\/agso.uni-graz.at\/frenkel-brunswik\/wp-json\/wp\/v2\/media?parent=12"}],"curies":[{"name":"wp","href":"https:\/\/api.w.org\/{rel}","templated":true}]}}