{"id":14,"date":"2021-04-29T15:07:56","date_gmt":"2021-04-29T13:07:56","guid":{"rendered":"https:\/\/it035168.pers.ad.uni-graz.at\/frenkel-brunswik\/?page_id=14"},"modified":"2021-05-28T12:22:09","modified_gmt":"2021-05-28T10:22:09","slug":"else-frenkel-brunswik","status":"publish","type":"page","link":"https:\/\/agso.uni-graz.at\/frenkel-brunswik\/else-frenkel-brunswik\/","title":{"rendered":"Else Frenkel-Brunswik"},"content":{"rendered":"\n<p><\/p>\n\n\n\n<div style=\"height:5px\" aria-hidden=\"true\" class=\"wp-block-spacer\"><\/div>\n\n\n\n<div class=\"wp-block-media-text alignwide is-stacked-on-mobile is-vertically-aligned-top\" style=\"grid-template-columns:21% auto\"><figure class=\"wp-block-media-text__media\"><img loading=\"lazy\" decoding=\"async\" width=\"242\" height=\"367\" src=\"https:\/\/it035168.pers.ad.uni-graz.at\/frenkel-brunswik\/wp-content\/uploads\/2021\/05\/EFB.jpg\" alt=\"Portrait Else FRENKEL-BRUNSWIK\" class=\"wp-image-222 size-full\" srcset=\"https:\/\/agso.uni-graz.at\/frenkel-brunswik\/wp-content\/uploads\/2021\/05\/EFB.jpg 242w, https:\/\/agso.uni-graz.at\/frenkel-brunswik\/wp-content\/uploads\/2021\/05\/EFB-198x300.jpg 198w\" sizes=\"auto, (max-width: 242px) 100vw, 242px\" \/><\/figure><div class=\"wp-block-media-text__content\">\n<p class=\"has-white-background-color has-background has-normal-font-size\">Else Frenkel was born in Lemberg (Lwiw)&nbsp;in 1908. Before World War I, her family moved to Bad V\u00f6slau in Lower Austria and finally to Vienna, where Frenkel first studied mathematics and physics, then philosophy and psychology. At the age of 22, she completed her studies with the dissertation <em>The Association Principle in Psychology<\/em>. Both reviewers, Karl B\u00fchler and Moritz Schlick, viewed her work very positively. Else Frenkel soon belonged to the inner circle around Karl and Charlotte B\u00fchler, where she played an important intellectual and social role, especially in coordinating Charlotte B\u00fchler\u2019s psychological research on the life course, which involved several social scientists of these days, including Marie Jahoda. According to Jahoda, Frenkel seemed to have practically lived at the Psychological Institute.<br><br>Frenkel made closer acquaintance with Egon Brunswik, whose family came from the Austro-Hungarian aristocracy and whose position she twice represented at the institute in 1931\/1932 and 1936. Brunswik, who decided to stay in the US after a visiting professorship at the University of California at Berkeley in 1937, finally enabled Frenkel to flee from Austria to the US just in time \u2013 as a Jew, she had been attacked long before 1938 by students who believed it to be a \u00bb<em>shame not being able to finish one\u2019s studies without attending a seminar of the Jew Else Frenkel<\/em>\u00ab (quoted in Paier 1996: 32), and was interrogated by the Gestapo before she left. Else Frenkel arrived in New York in June 1938; the wedding with Egon Brunswik took place on the day of her arrival, still on the ship. As a research associate, she worked on several projects in Berkeley, from 1943 onwards also with Theodor W. Adorno, Daniel J. Levinson and R. Nevitt Sanford, a group which eventually published one of the best-known sociological and social psychological studies on National Socialism: <em>The Authoritarian Personality<\/em>.<br><br><sub>Further reading: <br><strong>Frenkel-Brunswik<\/strong>, Else (1996): Studien zur autorit\u00e4ren Pers\u00f6nlichkeit, hrsg. und eingeleitet von Dietmar Paier, Graz\/Wien: Nausner &amp; Nausner (Bibliothek sozialwissenschaftlicher Emigranten, Band 3).<\/sub><br><sub><strong>Paier<\/strong>, Dietmar (1996): \u00bbEinleitung\u00ab, in: Frenkel-Brunswik, Else, Studien zur autorit\u00e4ren Pers\u00f6nlichkeit. Ausgew\u00e4hlte Schriften, hrsg. und eingeleitet von Dietmar Paier, Graz\/Wien: Nausner &amp; Nausner, S. 7\u201370.<\/sub><br><sub><strong>Sprung<\/strong>, Helga (2011): \u00bbElse Frenkel-Brunswik: Wanderin zwischen der Psychologie, Psychoanalyse und dem Logischen Empirismus\u00ab, in: <strong>Volkmann-Raue<\/strong>, Sibylle\/<strong>L\u00fcck<\/strong>, Helmut E. (Hg.): Bedeutende Psychologinnen des 20. Jahrhunderts. Wiesbaden: VS Verlag f\u00fcr Sozialwissenschaften, S. 235\u2013246. DOI: <a href=\"https:\/\/doi.org\/10.1007\/978-3-531-93064-0_18\">https:\/\/doi.org\/10.1007\/978-3-531-93064-0_18.<\/a><\/sub><br><br><br><\/p>\n\n<sub>Picture: Else Frenkel-Brunswik, date and photographer unknown, privately owned by Marta Fischler, nee Frenkel (Tel Aviv, Israel), reprinted from Sprung 2011.<\/sub>\n<\/div><\/div>\n\n\n\n<p><\/p>\n","protected":false},"excerpt":{"rendered":"<p>Else Frenkel was born in Lemberg (Lwiw)&nbsp;in 1908. Before World War I, her family moved to Bad V\u00f6slau in Lower Austria and finally to Vienna, where Frenkel first studied mathematics and physics, then philosophy and psychology. At the age of 22, she completed her studies&hellip; <a class=\"read-more\" href=\"https:\/\/agso.uni-graz.at\/frenkel-brunswik\/else-frenkel-brunswik\/\">Weiterlesen<\/a><\/p>\n","protected":false},"author":1,"featured_media":0,"parent":0,"menu_order":0,"comment_status":"closed","ping_status":"closed","template":"page-templates\/full-width.php","meta":{"footnotes":""},"class_list":["post-14","page","type-page","status-publish","hentry"],"_links":{"self":[{"href":"https:\/\/agso.uni-graz.at\/frenkel-brunswik\/wp-json\/wp\/v2\/pages\/14","targetHints":{"allow":["GET"]}}],"collection":[{"href":"https:\/\/agso.uni-graz.at\/frenkel-brunswik\/wp-json\/wp\/v2\/pages"}],"about":[{"href":"https:\/\/agso.uni-graz.at\/frenkel-brunswik\/wp-json\/wp\/v2\/types\/page"}],"author":[{"embeddable":true,"href":"https:\/\/agso.uni-graz.at\/frenkel-brunswik\/wp-json\/wp\/v2\/users\/1"}],"replies":[{"embeddable":true,"href":"https:\/\/agso.uni-graz.at\/frenkel-brunswik\/wp-json\/wp\/v2\/comments?post=14"}],"version-history":[{"count":32,"href":"https:\/\/agso.uni-graz.at\/frenkel-brunswik\/wp-json\/wp\/v2\/pages\/14\/revisions"}],"predecessor-version":[{"id":460,"href":"https:\/\/agso.uni-graz.at\/frenkel-brunswik\/wp-json\/wp\/v2\/pages\/14\/revisions\/460"}],"wp:attachment":[{"href":"https:\/\/agso.uni-graz.at\/frenkel-brunswik\/wp-json\/wp\/v2\/media?parent=14"}],"curies":[{"name":"wp","href":"https:\/\/api.w.org\/{rel}","templated":true}]}}