{"id":19,"date":"2021-04-29T15:07:56","date_gmt":"2021-04-29T13:07:56","guid":{"rendered":"https:\/\/it035168.pers.ad.uni-graz.at\/frenkel-brunswik\/?page_id=19"},"modified":"2021-10-11T12:30:19","modified_gmt":"2021-10-11T10:30:19","slug":"organizers","status":"publish","type":"page","link":"https:\/\/agso.uni-graz.at\/frenkel-brunswik\/organizers\/","title":{"rendered":"Organizers"},"content":{"rendered":"\n<div class=\"wp-block-columns is-layout-flex wp-container-core-columns-is-layout-9d6595d7 wp-block-columns-is-layout-flex\">\n<div class=\"wp-block-column is-layout-flow wp-block-column-is-layout-flow\" style=\"flex-basis:80%\">\n<div style=\"height:50px\" aria-hidden=\"true\" class=\"wp-block-spacer\"><\/div>\n\n\n\n<p class=\"has-white-background-color has-background\">Organizers: <br>Andreas Kranebitter and Christoph Reinprecht<br><br>Organized by:<br><a href=\"http:\/\/agso.uni-graz.at\/\">AGS\u00d6, Archive for the History <\/a><a href=\"http:\/\/agso.uni-graz.at\/\" target=\"_blank\" rel=\"noreferrer noopener\">of<\/a><a href=\"http:\/\/agso.uni-graz.at\/\"> Sociology in Austria<\/a><br><a href=\"https:\/\/exilforschung.ac.at\/\" target=\"_blank\" rel=\"noreferrer noopener\">\u00f6ge, Austrian Association for Exile Research<\/a><br><a href=\"https:\/\/oegs.ac.at\/\" target=\"_blank\" rel=\"noreferrer noopener\">\u00d6sterreichische Gesellschaft f\u00fcr Soziologie \u2013 Sektion Geschichte der Soziologie<\/a><br><br>Funded by:<br><a href=\"http:\/\/www.zukunftsfonds-austria.at\/\" target=\"_blank\" rel=\"noreferrer noopener\">Zukunftsfonds der Republik \u00d6sterreich<\/a> <br><a href=\"https:\/\/www.nationalfonds.org\/startseite\" target=\"_blank\" rel=\"noreferrer noopener\">Nationalfonds der Republik \u00d6sterreich f\u00fcr Opfer des Nationalsozialismus<\/a><br><a href=\"https:\/\/www.noe.gv.at\/noe\/Wissenschaft-Forschung\/Wissenschaft_Forschung.html\" target=\"_blank\" rel=\"noreferrer noopener\">N\u00d6 Landesregierung \u2013 Abteilung Wissenschaft und Forschung<\/a><br><a href=\"https:\/\/www.wien.gv.at\/kultur\/abteilung\/\" target=\"_blank\" rel=\"noreferrer noopener\">Stadt Wien Kultur<\/a><br><\/p>\n<\/div>\n<\/div>\n\n\n\n<p><\/p>\n","protected":false},"excerpt":{"rendered":"<p>Organizers: Andreas Kranebitter and Christoph Reinprecht Organized by:AGS\u00d6, Archive for the History of Sociology in Austria\u00f6ge, Austrian Association for Exile Research\u00d6sterreichische Gesellschaft f\u00fcr Soziologie \u2013 Sektion Geschichte der Soziologie Funded by:Zukunftsfonds der Republik \u00d6sterreich Nationalfonds der Republik \u00d6sterreich f\u00fcr Opfer des NationalsozialismusN\u00d6 Landesregierung \u2013 Abteilung&hellip; <a class=\"read-more\" href=\"https:\/\/agso.uni-graz.at\/frenkel-brunswik\/organizers\/\">Weiterlesen<\/a><\/p>\n","protected":false},"author":1,"featured_media":0,"parent":0,"menu_order":0,"comment_status":"closed","ping_status":"closed","template":"page-templates\/full-width.php","meta":{"footnotes":""},"class_list":["post-19","page","type-page","status-publish","hentry"],"_links":{"self":[{"href":"https:\/\/agso.uni-graz.at\/frenkel-brunswik\/wp-json\/wp\/v2\/pages\/19","targetHints":{"allow":["GET"]}}],"collection":[{"href":"https:\/\/agso.uni-graz.at\/frenkel-brunswik\/wp-json\/wp\/v2\/pages"}],"about":[{"href":"https:\/\/agso.uni-graz.at\/frenkel-brunswik\/wp-json\/wp\/v2\/types\/page"}],"author":[{"embeddable":true,"href":"https:\/\/agso.uni-graz.at\/frenkel-brunswik\/wp-json\/wp\/v2\/users\/1"}],"replies":[{"embeddable":true,"href":"https:\/\/agso.uni-graz.at\/frenkel-brunswik\/wp-json\/wp\/v2\/comments?post=19"}],"version-history":[{"count":12,"href":"https:\/\/agso.uni-graz.at\/frenkel-brunswik\/wp-json\/wp\/v2\/pages\/19\/revisions"}],"predecessor-version":[{"id":510,"href":"https:\/\/agso.uni-graz.at\/frenkel-brunswik\/wp-json\/wp\/v2\/pages\/19\/revisions\/510"}],"wp:attachment":[{"href":"https:\/\/agso.uni-graz.at\/frenkel-brunswik\/wp-json\/wp\/v2\/media?parent=19"}],"curies":[{"name":"wp","href":"https:\/\/api.w.org\/{rel}","templated":true}]}}