{"id":101,"date":"2020-03-02T10:51:59","date_gmt":"2020-03-02T09:51:59","guid":{"rendered":"http:\/\/www.heinzsteinertsymposium.at\/WP\/?page_id=101"},"modified":"2025-01-27T19:44:41","modified_gmt":"2025-01-27T18:44:41","slug":"heinz-steinerts-kapitalismusverstaendnis-2","status":"publish","type":"page","link":"https:\/\/agso.uni-graz.at\/steinert-symposium\/heinz-steinerts-kapitalismusverstaendnis-2\/","title":{"rendered":"Heinz Steinerts Kapitalismusverst\u00e4ndnis"},"content":{"rendered":"\n<div style=\"height:40px\" aria-hidden=\"true\" class=\"wp-block-spacer\"><\/div>\n\n\n\n<p class=\"has-background\" style=\"background-color:#e3e9ed\">Kapitalismus ist f\u00fcr Steinert durch mehrere, sich verst\u00e4rkende Herrschaftsverh\u00e4ltnisse gekennzeichnet. Zur eigentlichen Kapitalakkumulation, also der Herrschaft der Kapitaleigner \u00fcber die Lohnabh\u00e4ngigen, tritt erg\u00e4nzend das Patriarchat und die B\u00fcrokratie. Der eigentliche Kapitalsektor ruht dabei auf nicht-kapitalistischen \u00d6konomien wie der Hausarbeit, der Subsistenzwirtschaft und der Eigenarbeit auf. Historisch lassen sich unterschiedliche Kapitalstrategien, die wiederum mit spezifischer Arbeitsmoral sowie kulturindustriell verst\u00e4rkten Erwartungshaltungen sowie Anforderungen und Zumutungen verbunden sind, unterscheiden. Da diese Phasen die soziale Existenzweise allumfassend bestimmten, spricht Steinert vom Kapitalismus auch von Produktionsweisen im Plural. Signifikant daf\u00fcr sind die fordistische und neoliberale Produktionsweise, die als unterschiedliche Lebensweisen zu verstehen sind. Diese Transformation der (Alltags-)Kultur, Moral und Lebensweise l\u00e4sst die konstitutiven Merkmale des Kapitalismus intakt, ja verst\u00e4rkt diese. In diesem Panel stehen diese Bestimmungen und Analysen zur Diskussion, insbesondere die Position, dass Patriarchat und B\u00fcrokratie keineswegs atavistische Herrschaftsformen darstellen, die in Widerspruch zu einem \u201ereinen\u201c Geld \u2013 Ware \u2013 mehr Geld\u2018 Kapitalismus, nach Steinert zweifellos ein Fehlbegriff, stehen w\u00fcrden.<\/p>\n\n\n\n<p class=\"has-background\" style=\"background-color:#ffffff\">Wie stimmig ist das von Steinert verwendete Konzept <br>des \u201eKlassenkampfs von oben\u201c?<br><br>Hat sich die scharfe Kritik von Steinert am Begriff der \u201eWissensgesellschaft\u201c, <br>als vorgeblich neue Phase des Kapitalismus best\u00e4tigt?<\/p>\n\n\n\n<p class=\"has-background\" style=\"background-color:#ffffff\"><strong>Panel:<\/strong><br><br><em>Karl Reitter:<\/em> Heinz Steinerts Kapitalismusverst\u00e4ndnis (<em>Eingangsstatement<\/em>)<br><em>Linda Obermayr:<\/em> Zur Kritik des Kapitalismus als Lebensform<br><em>Gabriele Michalitsch:<\/em> Herrschaft denken, Widerst\u00e4ndigkeit erringen: Gesellschaft, Theorie und Reflexivit\u00e4t nach Heinz Steinert<br><em>Meropi Tzanetakis:<\/em> \u00dcber die Rolle von Daten im Informationskapitalismus<br><br>Moderation: <em>Andreas Kranebitter<\/em><\/p>\n\n\n\n<figure class=\"wp-block-embed is-type-video is-provider-youtube wp-block-embed-youtube wp-embed-aspect-16-9 wp-has-aspect-ratio\"><div class=\"wp-block-embed__wrapper\">\n<iframe loading=\"lazy\" title=\"Heinz-Steinert-Symposium 2021 (Panel 1: Kapitalismus)\" width=\"720\" height=\"405\" src=\"https:\/\/www.youtube.com\/embed\/WAUs60jeZ_s?feature=oembed\" frameborder=\"0\" allow=\"accelerometer; autoplay; clipboard-write; encrypted-media; gyroscope; picture-in-picture\" allowfullscreen><\/iframe>\n<\/div><\/figure>\n\n\n\n<div style=\"height:20px\" aria-hidden=\"true\" class=\"wp-block-spacer\"><\/div>\n\n\n\n<p><a href=\"\/steinert-symposium\/panels\/\" data-type=\"link\" data-id=\"https:\/\/agso.uni-graz.at\/steinert-symposium\/panels\/\">&lt; zur\u00fcck zu den Panels<\/a><br><a href=\"http:\/\/Zeitplan\"><\/a><a href=\"\/steinert-symposium\/zeitplan\/\" data-type=\"link\" data-id=\"https:\/\/agso.uni-graz.at\/steinert-symposium\/zeitplan\/\">&lt; zur\u00fcck zum Zeitplan<\/a><\/p>\n","protected":false},"excerpt":{"rendered":"<p>Kapitalismus ist f\u00fcr Steinert durch mehrere, sich verst\u00e4rkende Herrschaftsverh\u00e4ltnisse gekennzeichnet. Zur eigentlichen Kapitalakkumulation, also der Herrschaft der Kapitaleigner \u00fcber die Lohnabh\u00e4ngigen, tritt erg\u00e4nzend das Patriarchat und die B\u00fcrokratie. Der eigentliche Kapitalsektor ruht dabei auf nicht-kapitalistischen \u00d6konomien wie der Hausarbeit, der Subsistenzwirtschaft und der Eigenarbeit auf.&hellip; <a class=\"read-more\" href=\"https:\/\/agso.uni-graz.at\/steinert-symposium\/heinz-steinerts-kapitalismusverstaendnis-2\/\">Read more<\/a><\/p>\n","protected":false},"author":1,"featured_media":0,"parent":0,"menu_order":0,"comment_status":"closed","ping_status":"closed","template":"","meta":{"footnotes":""},"class_list":["post-101","page","type-page","status-publish","hentry"],"_links":{"self":[{"href":"https:\/\/agso.uni-graz.at\/steinert-symposium\/wp-json\/wp\/v2\/pages\/101","targetHints":{"allow":["GET"]}}],"collection":[{"href":"https:\/\/agso.uni-graz.at\/steinert-symposium\/wp-json\/wp\/v2\/pages"}],"about":[{"href":"https:\/\/agso.uni-graz.at\/steinert-symposium\/wp-json\/wp\/v2\/types\/page"}],"author":[{"embeddable":true,"href":"https:\/\/agso.uni-graz.at\/steinert-symposium\/wp-json\/wp\/v2\/users\/1"}],"replies":[{"embeddable":true,"href":"https:\/\/agso.uni-graz.at\/steinert-symposium\/wp-json\/wp\/v2\/comments?post=101"}],"version-history":[{"count":28,"href":"https:\/\/agso.uni-graz.at\/steinert-symposium\/wp-json\/wp\/v2\/pages\/101\/revisions"}],"predecessor-version":[{"id":1167,"href":"https:\/\/agso.uni-graz.at\/steinert-symposium\/wp-json\/wp\/v2\/pages\/101\/revisions\/1167"}],"wp:attachment":[{"href":"https:\/\/agso.uni-graz.at\/steinert-symposium\/wp-json\/wp\/v2\/media?parent=101"}],"curies":[{"name":"wp","href":"https:\/\/api.w.org\/{rel}","templated":true}]}}