{"id":1070,"date":"2021-03-04T11:14:21","date_gmt":"2021-03-04T10:14:21","guid":{"rendered":"http:\/\/www.heinzsteinertsymposium.at\/?page_id=1070"},"modified":"2021-03-11T11:42:56","modified_gmt":"2021-03-11T10:42:56","slug":"anmeldung","status":"publish","type":"page","link":"https:\/\/agso.uni-graz.at\/steinert-symposium\/anmeldung\/","title":{"rendered":"Anmeldung"},"content":{"rendered":"\n<div style=\"height:40px\" aria-hidden=\"true\" class=\"wp-block-spacer\"><\/div>\n\n\n\n<p>Angesichts der allgemeinen Entwicklung des Infektionsgeschehens und in Anbetracht der Tatsache, dass die Universit\u00e4t Wien keine Garantie f\u00fcr die Abhaltung der Veranstaltung in hybrider Form geben kann, haben wir uns dazu entschlossen, das Symposium online abzuhalten. Anmeldungen sind daher nur f\u00fcr eine Online-Teilnahme m\u00f6glich.<\/p>\n\n\n\n<p class=\"has-background\" style=\"background-color:#e3e9ed\">Bitte melden Sie sich per Mail an: <br>Vorbereitungskomitee&nbsp;Heinz Steinert Symposium&nbsp;<br><strong><a href=\"mailto:office@heinzsteinertsymposium.at\">office@heinzsteinertsymposium.at<\/a><\/strong>. <\/p>\n\n\n\n<p>Ihre Anmeldung wird vermerkt. Sie erhalten nach der Anmeldung ein E-Mail mit den Links zur Streaming-Plattform f\u00fcr jedes Panel des Symposiums. Selbstverst\u00e4ndlich soll allen Online-TeilnehmerInnen die M\u00f6glichkeit zur Diskussion gegeben werden; f\u00fcr eine technische Moderation ist gesorgt.<br><br>Alle weiteren Informationen f\u00fcr alle Angemeldeten folgen per E-Mail.  <\/p>\n","protected":false},"excerpt":{"rendered":"<p>Angesichts der allgemeinen Entwicklung des Infektionsgeschehens und in Anbetracht der Tatsache, dass die Universit\u00e4t Wien keine Garantie f\u00fcr die Abhaltung der Veranstaltung in hybrider Form geben kann, haben wir uns dazu entschlossen, das Symposium online abzuhalten. Anmeldungen sind daher nur f\u00fcr eine Online-Teilnahme m\u00f6glich. Bitte&hellip; <a class=\"read-more\" href=\"https:\/\/agso.uni-graz.at\/steinert-symposium\/anmeldung\/\">Read more<\/a><\/p>\n","protected":false},"author":2,"featured_media":0,"parent":0,"menu_order":0,"comment_status":"closed","ping_status":"closed","template":"","meta":{"footnotes":""},"class_list":["post-1070","page","type-page","status-publish","hentry"],"_links":{"self":[{"href":"https:\/\/agso.uni-graz.at\/steinert-symposium\/wp-json\/wp\/v2\/pages\/1070","targetHints":{"allow":["GET"]}}],"collection":[{"href":"https:\/\/agso.uni-graz.at\/steinert-symposium\/wp-json\/wp\/v2\/pages"}],"about":[{"href":"https:\/\/agso.uni-graz.at\/steinert-symposium\/wp-json\/wp\/v2\/types\/page"}],"author":[{"embeddable":true,"href":"https:\/\/agso.uni-graz.at\/steinert-symposium\/wp-json\/wp\/v2\/users\/2"}],"replies":[{"embeddable":true,"href":"https:\/\/agso.uni-graz.at\/steinert-symposium\/wp-json\/wp\/v2\/comments?post=1070"}],"version-history":[{"count":9,"href":"https:\/\/agso.uni-graz.at\/steinert-symposium\/wp-json\/wp\/v2\/pages\/1070\/revisions"}],"predecessor-version":[{"id":1087,"href":"https:\/\/agso.uni-graz.at\/steinert-symposium\/wp-json\/wp\/v2\/pages\/1070\/revisions\/1087"}],"wp:attachment":[{"href":"https:\/\/agso.uni-graz.at\/steinert-symposium\/wp-json\/wp\/v2\/media?parent=1070"}],"curies":[{"name":"wp","href":"https:\/\/api.w.org\/{rel}","templated":true}]}}