{"id":193,"date":"2020-03-02T12:46:34","date_gmt":"2020-03-02T11:46:34","guid":{"rendered":"http:\/\/www.heinzsteinertsymposium.at\/WP\/?page_id=193"},"modified":"2025-01-27T19:46:10","modified_gmt":"2025-01-27T18:46:10","slug":"kritische-theorie-3","status":"publish","type":"page","link":"https:\/\/agso.uni-graz.at\/steinert-symposium\/kritische-theorie-3\/","title":{"rendered":"Von der Werk-\u00c4sthetik zur Interaktions-\u00c4sthetik"},"content":{"rendered":"\n<div style=\"height:40px\" aria-hidden=\"true\" class=\"wp-block-spacer\"><\/div>\n\n\n\n<p class=\"has-background\" style=\"background-color:#dbcbe7\">Der Ursprung der gemeinsam mit Christine Resch entwickelten Interaktions-\u00c4sthetik liegt in der Kritik von Heinz Steinert am Jazz Verst\u00e4ndnis von Adorno. Dessen konsequentes Festhalten an der Werk-\u00c4sthetik thematisiere den Jazz ausschlie\u00dflich hinsichtlich seiner kompositorischen Qualit\u00e4ten, eben als Werk \u2013 die europ\u00e4ische Kunstmusik m\u00fcsse daher als dem Jazz \u00e4sthetisch \u00fcberlegen erscheinen. Wird jedoch der Jazz als Ereignis, als Interaktion zwischen den MusikerInnen auf der B\u00fchne und mit dem Publikum thematisiert, dann k\u00f6nne die eigentliche Qualit\u00e4t des Jazz als \u201eEreignis\u201c gew\u00fcrdigt werden. Diese Konzeption, vom Werk zum Ereignis, haben Heinz Steinert und Christine Resch zu einer umfassenden Kunsttheorie weitergef\u00fchrt und diese insbesondere nicht nur am Jazz, sondern auch an der avantgardistischen Gegenwartskunst expliziert. Der Erg\u00e4nzungsbegriff zur Interaktions-\u00c4sthetik lautet Arbeitsb\u00fcndnis, das u.a. so definiert wir: Ein Arbeitsb\u00fcndnis sei ein \u201espezifischen Satz von kognitiven und normativen Voraussetzungen, die determinieren, wie mit dem Kultur-Ereignis umgegangen, wie es verstanden wird\u201c (Resch, Steinert 2003; 18) Kunst als Interaktions-\u00c4sthetik im Kontext je spezifischer Arbeitsb\u00fcndnisse zu verstehen erm\u00f6gliche es, das Potential an Reflexivit\u00e4t des zugrunde liegenden Arbeitsb\u00fcndnisses als Ma\u00dfstab der Beurteilung zu entwickeln.<\/p>\n\n\n\n<p class=\"has-white-background-color has-background\">Wie eng sind die Konzepte der Interaktions-\u00c4sthetik und des Arbeitsb\u00fcndnisses miteinander verkn\u00fcpft? <br><br>Ist das Konzept des Arbeitsb\u00fcndnisses nicht zu weit gefasst? Muss es nicht, so wie es definiert ist, auch auf Politik, Religion, Sport usw. angewandt werden? <br><br>Wie verh\u00e4lt sich die Theorie der Kulturindustrie zum Konzept des Arbeitsb\u00fcndnisses? <\/p>\n\n\n\n<p class=\"has-white-background-color has-background\"><strong>Panel:<\/strong><br><br><em>Jens Kastner: <\/em>Die Verherrlichung der Herrschaft durch \u00c4sthetisieren. Interaktions\u00e4sthetik als Br\u00fccke<br><em>Daniel G\u00f6nitzer: <\/em>Surrealismus zwischen \u201ePolitisierung\u201c und \u201eVerfransung\u201c der Kunst. Zur ambivalenten Rezeption des Surrealismus durch die Kritische Theorie<br><em>Hanno Loewy: <\/em>\u201eLachen von unten\u201c. Zur Fiktionalisierung des Holocaust im Film<br><br>Moderation: <em>Karl Reitter<\/em><\/p>\n\n\n\n<figure class=\"wp-block-embed is-type-video is-provider-youtube wp-block-embed-youtube wp-embed-aspect-16-9 wp-has-aspect-ratio\"><div class=\"wp-block-embed__wrapper\">\n<iframe loading=\"lazy\" title=\"Heinz-Steinert-Symposium 2021 (Panel 4: Von der Werk-\u00c4sthetik zur Interaktions-\u00c4sthetik)\" width=\"720\" height=\"405\" src=\"https:\/\/www.youtube.com\/embed\/NZOjrfg-YbA?feature=oembed\" frameborder=\"0\" allow=\"accelerometer; autoplay; clipboard-write; encrypted-media; gyroscope; picture-in-picture\" allowfullscreen><\/iframe>\n<\/div><\/figure>\n\n\n\n<div style=\"height:20px\" aria-hidden=\"true\" class=\"wp-block-spacer\"><\/div>\n\n\n\n<p><a href=\"\/steinert-symposium\/panels\/\" data-type=\"link\" data-id=\"https:\/\/agso.uni-graz.at\/steinert-symposium\/panels\/\">&lt; zur\u00fcck zu den Panels<\/a><br><a href=\"http:\/\/Zeitplan\"><\/a><a href=\"\/steinert-symposium\/zeitplan\/\" data-type=\"link\" data-id=\"https:\/\/agso.uni-graz.at\/steinert-symposium\/zeitplan\/\">&lt; zur\u00fcck zum Zeitplan<\/a><\/p>\n","protected":false},"excerpt":{"rendered":"<p>Der Ursprung der gemeinsam mit Christine Resch entwickelten Interaktions-\u00c4sthetik liegt in der Kritik von Heinz Steinert am Jazz Verst\u00e4ndnis von Adorno. Dessen konsequentes Festhalten an der Werk-\u00c4sthetik thematisiere den Jazz ausschlie\u00dflich hinsichtlich seiner kompositorischen Qualit\u00e4ten, eben als Werk \u2013 die europ\u00e4ische Kunstmusik m\u00fcsse daher als&hellip; <a class=\"read-more\" href=\"https:\/\/agso.uni-graz.at\/steinert-symposium\/kritische-theorie-3\/\">Read more<\/a><\/p>\n","protected":false},"author":1,"featured_media":0,"parent":0,"menu_order":0,"comment_status":"closed","ping_status":"closed","template":"","meta":{"footnotes":""},"class_list":["post-193","page","type-page","status-publish","hentry"],"_links":{"self":[{"href":"https:\/\/agso.uni-graz.at\/steinert-symposium\/wp-json\/wp\/v2\/pages\/193","targetHints":{"allow":["GET"]}}],"collection":[{"href":"https:\/\/agso.uni-graz.at\/steinert-symposium\/wp-json\/wp\/v2\/pages"}],"about":[{"href":"https:\/\/agso.uni-graz.at\/steinert-symposium\/wp-json\/wp\/v2\/types\/page"}],"author":[{"embeddable":true,"href":"https:\/\/agso.uni-graz.at\/steinert-symposium\/wp-json\/wp\/v2\/users\/1"}],"replies":[{"embeddable":true,"href":"https:\/\/agso.uni-graz.at\/steinert-symposium\/wp-json\/wp\/v2\/comments?post=193"}],"version-history":[{"count":19,"href":"https:\/\/agso.uni-graz.at\/steinert-symposium\/wp-json\/wp\/v2\/pages\/193\/revisions"}],"predecessor-version":[{"id":1170,"href":"https:\/\/agso.uni-graz.at\/steinert-symposium\/wp-json\/wp\/v2\/pages\/193\/revisions\/1170"}],"wp:attachment":[{"href":"https:\/\/agso.uni-graz.at\/steinert-symposium\/wp-json\/wp\/v2\/media?parent=193"}],"curies":[{"name":"wp","href":"https:\/\/api.w.org\/{rel}","templated":true}]}}