{"id":202,"date":"2020-03-02T12:58:31","date_gmt":"2020-03-02T11:58:31","guid":{"rendered":"http:\/\/www.heinzsteinertsymposium.at\/WP\/?page_id=202"},"modified":"2025-01-27T19:45:07","modified_gmt":"2025-01-27T18:45:07","slug":"soziologie-1","status":"publish","type":"page","link":"https:\/\/agso.uni-graz.at\/steinert-symposium\/soziologie-1\/","title":{"rendered":"Die Fabrikation des zuverl\u00e4ssigen Menschen  &#8211; zur Geschichte der Gehorsamsproduktion"},"content":{"rendered":"\n<div style=\"height:40px\" aria-hidden=\"true\" class=\"wp-block-spacer\"><\/div>\n\n\n\n<p class=\"has-background\" style=\"background-color:#cdd9db\">Beschreibung: Die wissenschaftlichen und politischen Bem\u00fchungen von Heinz Steinert drehen sich zu einem gro\u00dfen Teil um das Ziel der Befreiung. Neben den Prozessen, in denen Abweichung oder Exklusion erzeugt wird, richtet sich die Kritik immer wieder gegen die gebildete Klasse und ihre Art und Weise, die Unteren abzuwerten. Zu solchen Abwertungspraktiken geh\u00f6rt auch, besondere Arbeits- und Disziplinarverh\u00e4ltnisse f\u00fcr die vermeintlich unberechenbaren Massen der Einfachen herzustellen. Parallel zu sozial-historischen und machtanalytischen Ans\u00e4tzen verfolgt Steinert einen Ansatz zur Subkultur ebenso wie soziologische Analysen jener Konstellationen, in denen Gehorsam, nicht Gehorsam hier oder dort und diesem oder jenem gegen\u00fcber, sondern Gehorsam schlechthin einge\u00fcbt wird: Arbeits- und Wohnverh\u00e4ltnisse, die Formen der moralischen Erziehung ebenso wie des Vergn\u00fcgens.&nbsp;<\/p>\n\n\n\n<p class=\"has-background\" style=\"background-color:#ffffff\">Welche Prozesse identifiziert Steinert als diejenigen, die Gehorsam als ein abstraktes Verhaltensmuster konstituieren? <br><br>Seine eigenen Untersuchungen sind solche der historischen Soziologie. Wird Gehorsam noch in gleicher Weise als Muster erzeugt, nach obligatorischer Milit\u00e4rdienst vielfach abgeschafft wurde, die Kirchenbindung und damit eine bestimmte Form institutionalisierter Sittlichkeitserziehung kontinuierlich nachl\u00e4sst, die klassische Fabrikarbeit eine deutlich geringere Bedeutung spielt und Besiedlungsformen mit starken gemeinschaftlichen Kontrollwirkungen durch Verst\u00e4dterung vielfach an Gewicht verloren haben? Sind Praktiken der Gehorsamserzielung auf anonyme Arbeitsm\u00e4rkte und drohende Prekarisierung \u00fcbergegangen? Wie wirken reformp\u00e4dagogische Konzepte?<br><br>Welche Bedeutung spielt Kulturindustrie f\u00fcr das Problem der Konformit\u00e4t und des Gehorsams? <br><br>Haben wir es heute, im Zeitalter des Internet und der Social Media mit neuen Formen der Erzeugung generalisierten Gehorsams zu tun? <\/p>\n\n\n\n<p class=\"has-background\" style=\"background-color:#ffffff\"><strong>Panel:<\/strong><br><br><em>Alex Demirovi\u0107<\/em>: Wie wird eigentlich Gehorsam produziert? Zur Produktivit\u00e4t von Macht und Herrschaft (<em>Eingangsstatement<\/em>)<br><em>Susanne Krasmann:<\/em> Unm\u00f6gliche Gehorsamsproduktion: \u00dcber die Unregierbarkeit<br><em>Ulrich Br\u00f6ckling:<\/em> Von der Disziplin zum Nudging. Zur \u201eFabrikation des zuverl\u00e4ssigen Menschen\u201c im 21. Jahrhundert<br><br>Moderation: <em>Christoph Reinprecht<\/em><\/p>\n\n\n\n<figure class=\"wp-block-embed is-type-video is-provider-youtube wp-block-embed-youtube wp-embed-aspect-16-9 wp-has-aspect-ratio\"><div class=\"wp-block-embed__wrapper\">\n<iframe loading=\"lazy\" title=\"Heinz-Steinert-Symposium 2021 (Panel 2: Gehorsamsproduktion)\" width=\"720\" height=\"405\" src=\"https:\/\/www.youtube.com\/embed\/7USsYiuRXaA?feature=oembed\" frameborder=\"0\" allow=\"accelerometer; autoplay; clipboard-write; encrypted-media; gyroscope; picture-in-picture\" allowfullscreen><\/iframe>\n<\/div><\/figure>\n\n\n\n<p><\/p>\n\n\n\n<div style=\"height:20px\" aria-hidden=\"true\" class=\"wp-block-spacer\"><\/div>\n\n\n\n<p><a href=\"\/steinert-symposium\/panels\/\" data-type=\"link\" data-id=\"https:\/\/agso.uni-graz.at\/steinert-symposium\/panels\/\">&lt; zur\u00fcck zu den Panels<\/a><br><a href=\"http:\/\/Zeitplan\"><\/a><a href=\"\/steinert-symposium\/zeitplan\/\" data-type=\"link\" data-id=\"https:\/\/agso.uni-graz.at\/steinert-symposium\/zeitplan\/\">&lt; zur\u00fcck zum Zeitplan<\/a><\/p>\n","protected":false},"excerpt":{"rendered":"<p>Beschreibung: Die wissenschaftlichen und politischen Bem\u00fchungen von Heinz Steinert drehen sich zu einem gro\u00dfen Teil um das Ziel der Befreiung. Neben den Prozessen, in denen Abweichung oder Exklusion erzeugt wird, richtet sich die Kritik immer wieder gegen die gebildete Klasse und ihre Art und Weise,&hellip; <a class=\"read-more\" href=\"https:\/\/agso.uni-graz.at\/steinert-symposium\/soziologie-1\/\">Read more<\/a><\/p>\n","protected":false},"author":1,"featured_media":0,"parent":0,"menu_order":0,"comment_status":"closed","ping_status":"closed","template":"","meta":{"footnotes":""},"class_list":["post-202","page","type-page","status-publish","hentry"],"_links":{"self":[{"href":"https:\/\/agso.uni-graz.at\/steinert-symposium\/wp-json\/wp\/v2\/pages\/202","targetHints":{"allow":["GET"]}}],"collection":[{"href":"https:\/\/agso.uni-graz.at\/steinert-symposium\/wp-json\/wp\/v2\/pages"}],"about":[{"href":"https:\/\/agso.uni-graz.at\/steinert-symposium\/wp-json\/wp\/v2\/types\/page"}],"author":[{"embeddable":true,"href":"https:\/\/agso.uni-graz.at\/steinert-symposium\/wp-json\/wp\/v2\/users\/1"}],"replies":[{"embeddable":true,"href":"https:\/\/agso.uni-graz.at\/steinert-symposium\/wp-json\/wp\/v2\/comments?post=202"}],"version-history":[{"count":23,"href":"https:\/\/agso.uni-graz.at\/steinert-symposium\/wp-json\/wp\/v2\/pages\/202\/revisions"}],"predecessor-version":[{"id":1168,"href":"https:\/\/agso.uni-graz.at\/steinert-symposium\/wp-json\/wp\/v2\/pages\/202\/revisions\/1168"}],"wp:attachment":[{"href":"https:\/\/agso.uni-graz.at\/steinert-symposium\/wp-json\/wp\/v2\/media?parent=202"}],"curies":[{"name":"wp","href":"https:\/\/api.w.org\/{rel}","templated":true}]}}