{"id":68,"date":"2020-03-02T10:33:04","date_gmt":"2020-03-02T09:33:04","guid":{"rendered":"http:\/\/www.heinzsteinertsymposium.at\/WP\/?page_id=68"},"modified":"2025-01-27T19:44:02","modified_gmt":"2025-01-27T18:44:02","slug":"panels","status":"publish","type":"page","link":"https:\/\/agso.uni-graz.at\/steinert-symposium\/panels\/","title":{"rendered":"Panels"},"content":{"rendered":"\n<div style=\"height:40px\" aria-hidden=\"true\" class=\"wp-block-spacer\"><\/div>\n\n\n\n<p class=\"has-background\" style=\"background-color:#ffffff\">Dieses Symposium will die wichtigsten Themenkreise des Werks von Heinz Steinert reflektieren und zur Diskussion stellen. Die Leitfragen sind bei allen Panels dieselben: Welche Aussagen hat Heinz Steinert getroffen? Woran k\u00f6nnen und sollen wir ankn\u00fcpfen? Welche kritischen Einw\u00e4nde ergeben sich? Im Symposium werden sowohl Kenner*innen des Werks von Heinz Steinert eingebunden, als auch dazu eingeladen, an den Arbeiten von Steinert anzukn\u00fcpfen, um sie f\u00fcr eigene Fragestellungen fruchtbar zu machen.&nbsp;<br>Jedes Panel wird durch ein Eingangsstatement er\u00f6ffnet, das die Verbindung des Themas zum Werk Heinz Steinerts herstellt und die Diskussion zwischen drei bis vier Diskutant*innen pro Panel einleitet. Auf eine heterogene Auswahl der Diskutant*innen wird wert gelegt.  <\/p>\n\n\n\n<figure class=\"wp-block-embed is-type-video is-provider-youtube wp-block-embed-youtube wp-embed-aspect-16-9 wp-has-aspect-ratio\"><div class=\"wp-block-embed__wrapper\">\n<iframe loading=\"lazy\" title=\"Heinz-Steinert-Symposium 2021 (Begr\u00fc\u00dfung durch die Veranstalter*innen)\" width=\"720\" height=\"405\" src=\"https:\/\/www.youtube.com\/embed\/dvJG8aelp4o?list=PLtlqfuKcCUx1VNIGNY-p3vJECkPNKwf6y\" frameborder=\"0\" allow=\"accelerometer; autoplay; clipboard-write; encrypted-media; gyroscope; picture-in-picture; web-share\" referrerpolicy=\"strict-origin-when-cross-origin\" allowfullscreen><\/iframe>\n<\/div><\/figure>\n\n\n\n<div style=\"height:20px\" aria-hidden=\"true\" class=\"wp-block-spacer\"><\/div>\n\n\n\n<h4 class=\"wp-block-heading\"><\/h4>\n\n\n\n<p class=\"has-background\" style=\"background-color:#e3e9ed\"><a href=\"\/steinert-symposium\/heinz-steinerts-kapitalismusverstaendnis-2\/\"><strong> 1 <\/strong><br>Steinerts <\/a><a href=\"\/steinert-symposium\/heinz-steinerts-kapitalismusverstaendnis-2\/\" data-type=\"link\" data-id=\"https:\/\/agso.uni-graz.at\/steinert-symposium\/heinz-steinerts-kapitalismusverstaendnis-2\/\">Kapitalismusverst\u00e4ndnis<\/a><\/p>\n\n\n\n<p class=\"has-background\" style=\"background-color:#cdd9db\"><a href=\"\/steinert-symposium\/soziologie-1\/\" data-type=\"link\" data-id=\"https:\/\/agso.uni-graz.at\/steinert-symposium\/soziologie-1\/\"><strong>2<\/strong><br>Die Fabrikation des zuverl\u00e4ssigen Menschen \u2013 <br>zur Geschichte der Gehorsamsproduktion<\/a><\/p>\n\n\n\n<p class=\"has-background\" style=\"background-color:#dcaea9\"><a href=\"\/steinert-symposium\/kriminalitaet-und-recht\/\" data-type=\"link\" data-id=\"https:\/\/agso.uni-graz.at\/steinert-symposium\/kriminalitaet-und-recht\/\"><strong> 3<\/strong><br>Strafrecht, Gef\u00e4ngnis und Polizei als Herrschaftsinstrument \u2013 <br>Abolitionismus als Herrschaftskritik<\/a><\/p>\n\n\n\n<p class=\"has-very-dark-gray-color has-text-color has-background\" style=\"background-color:#dbcbe7\"><a href=\"\/steinert-symposium\/kritische-theorie-3\/\" data-type=\"link\" data-id=\"https:\/\/agso.uni-graz.at\/steinert-symposium\/kritische-theorie-3\/\"><strong> <\/strong>4<br>Von der Werk-\u00c4sthetik zur Interaktions-\u00c4sthetik<\/a><\/p>\n\n\n\n<p class=\"has-white-background-color has-background\"><a href=\"\/steinert-symposium\/sozialer-ausschluss-und-gegenstrategien-1\/\" data-type=\"link\" data-id=\"https:\/\/agso.uni-graz.at\/steinert-symposium\/sozialer-ausschluss-und-gegenstrategien-1\/\"><strong> 5<\/strong><br>Sozialer Ausschluss und Gegenstrategien<\/a><\/p>\n\n\n\n<p class=\"has-background\" style=\"background-color:#cdd9db\"><a href=\"\/steinert-symposium\/soziologie-3\/\" data-type=\"link\" data-id=\"https:\/\/agso.uni-graz.at\/steinert-symposium\/soziologie-3\/\"><strong> 6<\/strong><br>Reflexive Soziologie \u2013 <br>Kritik der empirischen Sozialforschung<\/a><\/p>\n\n\n\n<p class=\"has-background\" style=\"background-color:#dcaea9\"><a href=\"\/steinert-symposium\/kriminalitaet-und-recht-2\/\" data-type=\"link\" data-id=\"https:\/\/agso.uni-graz.at\/steinert-symposium\/kriminalitaet-und-recht-2\/\"><strong> 7<\/strong><br>Kritik der Kriminologie \u2013 <br>zum \u201efalschen Bewusstsein\u201c einer Wissenschaft<\/a><\/p>\n\n\n\n<p class=\"has-background\" style=\"background-color:#cdd9db\"><a href=\"\/steinert-symposium\/soziologie-2\/\" data-type=\"link\" data-id=\"https:\/\/agso.uni-graz.at\/steinert-symposium\/soziologie-2\/\"><strong> 8<\/strong><br>Max Webers unwiderlegbare Fehlkonstruktionen<\/a><\/p>\n\n\n\n<figure class=\"wp-block-embed is-type-video is-provider-youtube wp-block-embed-youtube wp-embed-aspect-16-9 wp-has-aspect-ratio\"><div class=\"wp-block-embed__wrapper\">\n<iframe loading=\"lazy\" title=\"Heinz-Steinert-Symposium 2021 (Abschlussdiskussion)\" width=\"720\" height=\"405\" src=\"https:\/\/www.youtube.com\/embed\/fITfRZ3tMvg?list=PLtlqfuKcCUx1VNIGNY-p3vJECkPNKwf6y\" frameborder=\"0\" allow=\"accelerometer; autoplay; clipboard-write; encrypted-media; gyroscope; picture-in-picture; web-share\" referrerpolicy=\"strict-origin-when-cross-origin\" allowfullscreen><\/iframe>\n<\/div><\/figure>\n","protected":false},"excerpt":{"rendered":"<p>Dieses Symposium will die wichtigsten Themenkreise des Werks von Heinz Steinert reflektieren und zur Diskussion stellen. Die Leitfragen sind bei allen Panels dieselben: Welche Aussagen hat Heinz Steinert getroffen? Woran k\u00f6nnen und sollen wir ankn\u00fcpfen? Welche kritischen Einw\u00e4nde ergeben sich? Im Symposium werden sowohl Kenner*innen&hellip; <a class=\"read-more\" href=\"https:\/\/agso.uni-graz.at\/steinert-symposium\/panels\/\">Read more<\/a><\/p>\n","protected":false},"author":1,"featured_media":0,"parent":0,"menu_order":0,"comment_status":"closed","ping_status":"closed","template":"","meta":{"footnotes":""},"class_list":["post-68","page","type-page","status-publish","hentry"],"_links":{"self":[{"href":"https:\/\/agso.uni-graz.at\/steinert-symposium\/wp-json\/wp\/v2\/pages\/68","targetHints":{"allow":["GET"]}}],"collection":[{"href":"https:\/\/agso.uni-graz.at\/steinert-symposium\/wp-json\/wp\/v2\/pages"}],"about":[{"href":"https:\/\/agso.uni-graz.at\/steinert-symposium\/wp-json\/wp\/v2\/types\/page"}],"author":[{"embeddable":true,"href":"https:\/\/agso.uni-graz.at\/steinert-symposium\/wp-json\/wp\/v2\/users\/1"}],"replies":[{"embeddable":true,"href":"https:\/\/agso.uni-graz.at\/steinert-symposium\/wp-json\/wp\/v2\/comments?post=68"}],"version-history":[{"count":69,"href":"https:\/\/agso.uni-graz.at\/steinert-symposium\/wp-json\/wp\/v2\/pages\/68\/revisions"}],"predecessor-version":[{"id":1166,"href":"https:\/\/agso.uni-graz.at\/steinert-symposium\/wp-json\/wp\/v2\/pages\/68\/revisions\/1166"}],"wp:attachment":[{"href":"https:\/\/agso.uni-graz.at\/steinert-symposium\/wp-json\/wp\/v2\/media?parent=68"}],"curies":[{"name":"wp","href":"https:\/\/api.w.org\/{rel}","templated":true}]}}