{"id":70,"date":"2020-03-02T10:33:04","date_gmt":"2020-03-02T09:33:04","guid":{"rendered":"http:\/\/www.heinzsteinertsymposium.at\/WP\/?page_id=70"},"modified":"2021-03-04T10:34:11","modified_gmt":"2021-03-04T09:34:11","slug":"veranstalterinnen","status":"publish","type":"page","link":"https:\/\/agso.uni-graz.at\/steinert-symposium\/veranstalterinnen\/","title":{"rendered":"Veranstalter*innen"},"content":{"rendered":"\n<div style=\"height:40px\" aria-hidden=\"true\" class=\"wp-block-spacer\"><\/div>\n\n\n\n<p class=\"has-background\" style=\"background-color:#e3e9ed\"><a href=\"https:\/\/akg-online.org\" target=\"_blank\" rel=\"noreferrer noopener\" aria-label=\" (\u00f6ffnet in neuem Tab)\">Assoziation f\u00fcr kritische Gesellschaftsforschung<\/a> (AkG) <\/p>\n\n\n\n<div style=\"height:25px\" aria-hidden=\"true\" class=\"wp-block-spacer\"><\/div>\n\n\n\n<h4 class=\"wp-block-heading\"> Vorbereitungskomitee:<\/h4>\n\n\n\n<div class=\"wp-block-group has-background\" style=\"background-color:#e3e9ed\"><div class=\"wp-block-group__inner-container is-layout-flow wp-block-group-is-layout-flow\">\n<p>Dr. Andreas <strong>Kranebitter<\/strong><br>Archiv f\u00fcr die Geschichte der Soziologie in \u00d6sterreich<\/p>\n\n\n\n<p>Doz. Dr.in Monika <strong>Mokre <\/strong><br>\u00d6sterreichische Akademie der Wissenschaften <\/p>\n\n\n\n<p>Priv.-Doz. Dr. Arno <strong>Pilgram<\/strong> <br>Institut f\u00fcr Rechts- und Kriminalsoziologie<\/p>\n\n\n\n<p>Veronika <strong>Reidinger<\/strong> MA <br>Ilse Arlt Institut f\u00fcr Soziale Inklusionsforschung <\/p>\n\n\n\n<p>Ao. Univ.-Prof. Dr. Christoph <strong>Reinprecht<\/strong> <br>Institut f\u00fcr Soziologie der Universit\u00e4t Wien<\/p>\n\n\n\n<p>Dr. Karl <strong>Reitter<\/strong> <br>Lektor an den Instituten f\u00fcr Philosophie der Universit\u00e4ten Wien und Klagenfurt<\/p>\n<\/div><\/div>\n\n\n\n<div style=\"height:25px\" aria-hidden=\"true\" class=\"wp-block-spacer\"><\/div>\n\n\n\n<h4 class=\"wp-block-heading\">Institutionelle Kooperationspartner*innen:<\/h4>\n\n\n\n<p class=\"has-background\" style=\"background-color:#e3e9ed\">Archiv f\u00fcr die Geschichte der Soziologie in \u00d6sterreich, Graz<br>Institut f\u00fcr Politikwissenschaft der Universit\u00e4t Wien <br>Institut f\u00fcr Rechts- und Kriminalsoziologie (IRKS) <br>Institut f\u00fcr Soziologie der Universit\u00e4t Wien <\/p>\n\n\n\n<div style=\"height:25px\" aria-hidden=\"true\" class=\"wp-block-spacer\"><\/div>\n\n\n\n<h4 class=\"wp-block-heading\">F\u00f6rdergeber*innen<\/h4>\n\n\n\n<div style=\"height:25px\" aria-hidden=\"true\" class=\"wp-block-spacer\"><\/div>\n\n\n\n<figure class=\"wp-block-image is-resized\"><a href=\"https:\/\/giwk.de\/\" target=\"_blank\" rel=\"noreferrer noopener\"><img loading=\"lazy\" decoding=\"async\" src=\"http:\/\/www.heinzsteinertsymposium.at\/WP\/wp-content\/uploads\/2020\/05\/giwk_logo.png\" alt=\"\" class=\"wp-image-725\" width=\"118\" height=\"46\"\/><\/a><\/figure>\n\n\n\n<div style=\"height:20px\" aria-hidden=\"true\" class=\"wp-block-spacer\"><\/div>\n\n\n\n<figure class=\"wp-block-image\"><a href=\"https:\/\/bvog.at\" target=\"_blank\" rel=\"noreferrer noopener\"><img loading=\"lazy\" decoding=\"async\" width=\"300\" height=\"51\" src=\"http:\/\/www.heinzsteinertsymposium.at\/WP\/wp-content\/uploads\/2020\/05\/offenegesellschaft_logo_1c.png\" alt=\"\" class=\"wp-image-726\"\/><\/a><\/figure>\n\n\n\n<div style=\"height:20px\" aria-hidden=\"true\" class=\"wp-block-spacer\"><\/div>\n\n\n\n<figure class=\"wp-block-image size-large is-resized\"><a href=\"https:\/\/www.mauthausen-memorial.org\/\" target=\"_blank\" rel=\"noreferrer noopener\"><img loading=\"lazy\" decoding=\"async\" src=\"http:\/\/www.heinzsteinertsymposium.at\/WP\/wp-content\/uploads\/2020\/05\/Logo-KZ-Gedenksta\u0308tte-Mauthausen-HQ-1024x246.jpg\" alt=\"\" class=\"wp-image-743\" width=\"285\" height=\"68\" srcset=\"https:\/\/agso.uni-graz.at\/steinert-symposium\/wp-content\/uploads\/2020\/05\/Logo-KZ-Gedenksta\u0308tte-Mauthausen-HQ-1024x246.jpg 1024w, https:\/\/agso.uni-graz.at\/steinert-symposium\/wp-content\/uploads\/2020\/05\/Logo-KZ-Gedenksta\u0308tte-Mauthausen-HQ-300x72.jpg 300w, https:\/\/agso.uni-graz.at\/steinert-symposium\/wp-content\/uploads\/2020\/05\/Logo-KZ-Gedenksta\u0308tte-Mauthausen-HQ-768x185.jpg 768w, https:\/\/agso.uni-graz.at\/steinert-symposium\/wp-content\/uploads\/2020\/05\/Logo-KZ-Gedenksta\u0308tte-Mauthausen-HQ.jpg 1294w\" sizes=\"auto, (max-width: 285px) 100vw, 285px\" \/><\/a><\/figure>\n\n\n\n<div style=\"height:20px\" aria-hidden=\"true\" class=\"wp-block-spacer\"><\/div>\n\n\n\n<figure class=\"wp-block-image size-large is-resized\"><img loading=\"lazy\" decoding=\"async\" src=\"http:\/\/www.heinzsteinertsymposium.at\/WP\/wp-content\/uploads\/2021\/03\/image.png\" alt=\"\" class=\"wp-image-1066\" width=\"284\" height=\"213\" srcset=\"https:\/\/agso.uni-graz.at\/steinert-symposium\/wp-content\/uploads\/2021\/03\/image.png 640w, https:\/\/agso.uni-graz.at\/steinert-symposium\/wp-content\/uploads\/2021\/03\/image-300x225.png 300w\" sizes=\"auto, (max-width: 284px) 100vw, 284px\" \/><\/figure>\n\n\n\n<div style=\"height:20px\" aria-hidden=\"true\" class=\"wp-block-spacer\"><\/div>\n\n\n\n<figure class=\"wp-block-image size-large is-resized\"><img loading=\"lazy\" decoding=\"async\" src=\"http:\/\/www.heinzsteinertsymposium.at\/WP\/wp-content\/uploads\/2021\/01\/AK_Wien_logo_4c.png\" alt=\"\" class=\"wp-image-870\" width=\"172\" height=\"83\" srcset=\"https:\/\/agso.uni-graz.at\/steinert-symposium\/wp-content\/uploads\/2021\/01\/AK_Wien_logo_4c.png 493w, https:\/\/agso.uni-graz.at\/steinert-symposium\/wp-content\/uploads\/2021\/01\/AK_Wien_logo_4c-300x144.png 300w\" sizes=\"auto, (max-width: 172px) 100vw, 172px\" \/><\/figure>\n\n\n\n<p><\/p>\n","protected":false},"excerpt":{"rendered":"<p>Assoziation f\u00fcr kritische Gesellschaftsforschung (AkG) Vorbereitungskomitee: Dr. Andreas KranebitterArchiv f\u00fcr die Geschichte der Soziologie in \u00d6sterreich Doz. Dr.in Monika Mokre \u00d6sterreichische Akademie der Wissenschaften Priv.-Doz. Dr. Arno Pilgram Institut f\u00fcr Rechts- und Kriminalsoziologie Veronika Reidinger MA Ilse Arlt Institut f\u00fcr Soziale Inklusionsforschung Ao. Univ.-Prof. Dr.&hellip; <a class=\"read-more\" href=\"https:\/\/agso.uni-graz.at\/steinert-symposium\/veranstalterinnen\/\">Read more<\/a><\/p>\n","protected":false},"author":1,"featured_media":0,"parent":0,"menu_order":0,"comment_status":"closed","ping_status":"closed","template":"","meta":{"footnotes":""},"class_list":["post-70","page","type-page","status-publish","hentry"],"_links":{"self":[{"href":"https:\/\/agso.uni-graz.at\/steinert-symposium\/wp-json\/wp\/v2\/pages\/70","targetHints":{"allow":["GET"]}}],"collection":[{"href":"https:\/\/agso.uni-graz.at\/steinert-symposium\/wp-json\/wp\/v2\/pages"}],"about":[{"href":"https:\/\/agso.uni-graz.at\/steinert-symposium\/wp-json\/wp\/v2\/types\/page"}],"author":[{"embeddable":true,"href":"https:\/\/agso.uni-graz.at\/steinert-symposium\/wp-json\/wp\/v2\/users\/1"}],"replies":[{"embeddable":true,"href":"https:\/\/agso.uni-graz.at\/steinert-symposium\/wp-json\/wp\/v2\/comments?post=70"}],"version-history":[{"count":53,"href":"https:\/\/agso.uni-graz.at\/steinert-symposium\/wp-json\/wp\/v2\/pages\/70\/revisions"}],"predecessor-version":[{"id":1069,"href":"https:\/\/agso.uni-graz.at\/steinert-symposium\/wp-json\/wp\/v2\/pages\/70\/revisions\/1069"}],"wp:attachment":[{"href":"https:\/\/agso.uni-graz.at\/steinert-symposium\/wp-json\/wp\/v2\/media?parent=70"}],"curies":[{"name":"wp","href":"https:\/\/api.w.org\/{rel}","templated":true}]}}